{"id":975,"date":"2021-12-09T14:11:25","date_gmt":"2021-12-09T15:11:25","guid":{"rendered":"https:\/\/www.gabinetestetica.com\/lojaonline\/?post_type=product&#038;p=975"},"modified":"2023-11-07T22:33:55","modified_gmt":"2023-11-07T23:33:55","slug":"creme-de-maos-artric","status":"publish","type":"product","link":"https:\/\/www.gabinetestetica.com\/lojaonline\/product\/creme-de-maos-artric\/","title":{"rendered":"Creme de M\u00e3os Artric"},"content":{"rendered":"<p>Creme de m\u00e3os com \u00e1cido hialur\u00f3nico 75ml<\/p>\n","protected":false},"excerpt":{"rendered":"<p>Creme de m\u00e3os com \u00e1cido hialur\u00f3nico 75ml<\/p>\n","protected":false},"featured_media":976,"comment_status":"open","ping_status":"closed","template":"","meta":[],"product_cat":[157],"product_tag":[96,95,158,94,45,51,48],"class_list":["post-975","product","type-product","status-publish","has-post-thumbnail","hentry","product_cat-miminhos-de-natal","product_tag-alessandro","product_tag-cuidadodemaos","product_tag-hands","product_tag-maos","product_tag-acidohialuronico","product_tag-carmengabinetestetica","product_tag-skincare"],"_links":{"self":[{"href":"https:\/\/www.gabinetestetica.com\/lojaonline\/wp-json\/wp\/v2\/product\/975","targetHints":{"allow":["GET"]}}],"collection":[{"href":"https:\/\/www.gabinetestetica.com\/lojaonline\/wp-json\/wp\/v2\/product"}],"about":[{"href":"https:\/\/www.gabinetestetica.com\/lojaonline\/wp-json\/wp\/v2\/types\/product"}],"replies":[{"embeddable":true,"href":"https:\/\/www.gabinetestetica.com\/lojaonline\/wp-json\/wp\/v2\/comments?post=975"}],"wp:featuredmedia":[{"embeddable":true,"href":"https:\/\/www.gabinetestetica.com\/lojaonline\/wp-json\/wp\/v2\/media\/976"}],"wp:attachment":[{"href":"https:\/\/www.gabinetestetica.com\/lojaonline\/wp-json\/wp\/v2\/media?parent=975"}],"wp:term":[{"taxonomy":"product_cat","embeddable":true,"href":"https:\/\/www.gabinetestetica.com\/lojaonline\/wp-json\/wp\/v2\/product_cat?post=975"},{"taxonomy":"product_tag","embeddable":true,"href":"https:\/\/www.gabinetestetica.com\/lojaonline\/wp-json\/wp\/v2\/product_tag?post=975"}],"curies":[{"name":"wp","href":"https:\/\/api.w.org\/{rel}","templated":true}]}}