{"id":961,"date":"2021-11-18T14:40:22","date_gmt":"2021-11-18T15:40:22","guid":{"rendered":"https:\/\/www.gabinetestetica.com\/lojaonline\/?post_type=product&#038;p=961"},"modified":"2023-04-14T21:04:25","modified_gmt":"2023-04-14T22:04:25","slug":"dual-phase-toner","status":"publish","type":"product","link":"https:\/\/www.gabinetestetica.com\/lojaonline\/product\/dual-phase-toner\/","title":{"rendered":"Dual-Phase Toner"},"content":{"rendered":"<p>T\u00f3nico bif\u00e1sico da linha Glyco System, da marca Bruno Vassari, ideal para peles oleosas.<\/p>\n","protected":false},"excerpt":{"rendered":"<p>T\u00f3nico Bif\u00e1sico com \u00e1cido glic\u00f3lico e salic\u00edlico 250ml<\/p>\n","protected":false},"featured_media":962,"comment_status":"open","ping_status":"closed","template":"","meta":[],"product_cat":[179,34],"product_tag":[151,154,149,153,49,51,46,50,52],"class_list":["post-961","product","type-product","status-publish","has-post-thumbnail","hentry","product_cat-bv","product_cat-cuidadosderosto","product_tag-acidoglicolico","product_tag-acidosalicilico","product_tag-glycosystem","product_tag-tonico","product_tag-brunovassari","product_tag-carmengabinetestetica","product_tag-cuidadosderosto","product_tag-gabinetestetica","product_tag-purificante"],"_links":{"self":[{"href":"https:\/\/www.gabinetestetica.com\/lojaonline\/wp-json\/wp\/v2\/product\/961","targetHints":{"allow":["GET"]}}],"collection":[{"href":"https:\/\/www.gabinetestetica.com\/lojaonline\/wp-json\/wp\/v2\/product"}],"about":[{"href":"https:\/\/www.gabinetestetica.com\/lojaonline\/wp-json\/wp\/v2\/types\/product"}],"replies":[{"embeddable":true,"href":"https:\/\/www.gabinetestetica.com\/lojaonline\/wp-json\/wp\/v2\/comments?post=961"}],"wp:featuredmedia":[{"embeddable":true,"href":"https:\/\/www.gabinetestetica.com\/lojaonline\/wp-json\/wp\/v2\/media\/962"}],"wp:attachment":[{"href":"https:\/\/www.gabinetestetica.com\/lojaonline\/wp-json\/wp\/v2\/media?parent=961"}],"wp:term":[{"taxonomy":"product_cat","embeddable":true,"href":"https:\/\/www.gabinetestetica.com\/lojaonline\/wp-json\/wp\/v2\/product_cat?post=961"},{"taxonomy":"product_tag","embeddable":true,"href":"https:\/\/www.gabinetestetica.com\/lojaonline\/wp-json\/wp\/v2\/product_tag?post=961"}],"curies":[{"name":"wp","href":"https:\/\/api.w.org\/{rel}","templated":true}]}}