{"id":647,"date":"2021-02-17T03:39:17","date_gmt":"2021-02-17T04:39:17","guid":{"rendered":"https:\/\/www.gabinetestetica.com\/lojaonline\/?post_type=product&#038;p=647"},"modified":"2023-12-01T17:04:59","modified_gmt":"2023-12-01T18:04:59","slug":"batom-longa-duracao","status":"publish","type":"product","link":"https:\/\/www.gabinetestetica.com\/lojaonline\/product\/batom-longa-duracao\/","title":{"rendered":"Batom longa dura\u00e7\u00e3o"},"content":{"rendered":"<p><img fetchpriority=\"high\" decoding=\"async\" class=\"alignnone size-medium wp-image-704\" src=\"https:\/\/i0.wp.com\/www.gabinetestetica.com\/lojaonline\/wp-content\/uploads\/2021\/02\/127.jpg?resize=300%2C294&#038;ssl=1\" alt=\"\" width=\"300\" height=\"294\" data-recalc-dims=\"1\" \/><\/p>\n","protected":false},"excerpt":{"rendered":"<p>Batom l\u00edquido de longa dura\u00e7\u00e3o da marca Aden (v\u00e1rios tons dispon\u00edveis, contacta-nos para veres as restantes op\u00e7\u00f5es)<\/p>\n","protected":false},"featured_media":704,"comment_status":"open","ping_status":"closed","template":"","meta":[],"product_cat":[222],"product_tag":[109,108,51,50,64],"class_list":["post-647","product","type-product","status-publish","has-post-thumbnail","hentry","product_cat-sugestoes-de-natal","product_tag-aden","product_tag-lipstick","product_tag-carmengabinetestetica","product_tag-gabinetestetica","product_tag-longaduracao"],"_links":{"self":[{"href":"https:\/\/www.gabinetestetica.com\/lojaonline\/wp-json\/wp\/v2\/product\/647","targetHints":{"allow":["GET"]}}],"collection":[{"href":"https:\/\/www.gabinetestetica.com\/lojaonline\/wp-json\/wp\/v2\/product"}],"about":[{"href":"https:\/\/www.gabinetestetica.com\/lojaonline\/wp-json\/wp\/v2\/types\/product"}],"replies":[{"embeddable":true,"href":"https:\/\/www.gabinetestetica.com\/lojaonline\/wp-json\/wp\/v2\/comments?post=647"}],"wp:featuredmedia":[{"embeddable":true,"href":"https:\/\/www.gabinetestetica.com\/lojaonline\/wp-json\/wp\/v2\/media\/704"}],"wp:attachment":[{"href":"https:\/\/www.gabinetestetica.com\/lojaonline\/wp-json\/wp\/v2\/media?parent=647"}],"wp:term":[{"taxonomy":"product_cat","embeddable":true,"href":"https:\/\/www.gabinetestetica.com\/lojaonline\/wp-json\/wp\/v2\/product_cat?post=647"},{"taxonomy":"product_tag","embeddable":true,"href":"https:\/\/www.gabinetestetica.com\/lojaonline\/wp-json\/wp\/v2\/product_tag?post=647"}],"curies":[{"name":"wp","href":"https:\/\/api.w.org\/{rel}","templated":true}]}}