{"id":640,"date":"2021-02-17T03:28:34","date_gmt":"2021-02-17T04:28:34","guid":{"rendered":"https:\/\/www.gabinetestetica.com\/lojaonline\/?post_type=product&#038;p=640"},"modified":"2023-12-01T17:05:38","modified_gmt":"2023-12-01T18:05:38","slug":"creme-de-pes","status":"publish","type":"product","link":"https:\/\/www.gabinetestetica.com\/lojaonline\/product\/creme-de-pes\/","title":{"rendered":"Creme de P\u00e9s"},"content":{"rendered":"<p><img fetchpriority=\"high\" decoding=\"async\" class=\"alignnone size-medium wp-image-715\" src=\"https:\/\/i0.wp.com\/www.gabinetestetica.com\/lojaonline\/wp-content\/uploads\/2021\/02\/112113.jpg?resize=193%2C300&#038;ssl=1\" alt=\"\" width=\"193\" height=\"300\" data-recalc-dims=\"1\" \/><\/p>\n","protected":false},"excerpt":{"rendered":"<p>Creme de p\u00e9s com \u00e1cido hialur\u00f3nico 50ml<\/p>\n","protected":false},"featured_media":715,"comment_status":"open","ping_status":"closed","template":"","meta":[],"product_cat":[195,43,222],"product_tag":[100,99,98,51,50],"class_list":["post-640","product","type-product","status-publish","has-post-thumbnail","hentry","product_cat-alessandro","product_cat-cuidadosdepes","product_cat-sugestoes-de-natal","product_tag-acidohialuronico-alessandro","product_tag-cuidadosdepes","product_tag-pes","product_tag-carmengabinetestetica","product_tag-gabinetestetica"],"_links":{"self":[{"href":"https:\/\/www.gabinetestetica.com\/lojaonline\/wp-json\/wp\/v2\/product\/640","targetHints":{"allow":["GET"]}}],"collection":[{"href":"https:\/\/www.gabinetestetica.com\/lojaonline\/wp-json\/wp\/v2\/product"}],"about":[{"href":"https:\/\/www.gabinetestetica.com\/lojaonline\/wp-json\/wp\/v2\/types\/product"}],"replies":[{"embeddable":true,"href":"https:\/\/www.gabinetestetica.com\/lojaonline\/wp-json\/wp\/v2\/comments?post=640"}],"wp:featuredmedia":[{"embeddable":true,"href":"https:\/\/www.gabinetestetica.com\/lojaonline\/wp-json\/wp\/v2\/media\/715"}],"wp:attachment":[{"href":"https:\/\/www.gabinetestetica.com\/lojaonline\/wp-json\/wp\/v2\/media?parent=640"}],"wp:term":[{"taxonomy":"product_cat","embeddable":true,"href":"https:\/\/www.gabinetestetica.com\/lojaonline\/wp-json\/wp\/v2\/product_cat?post=640"},{"taxonomy":"product_tag","embeddable":true,"href":"https:\/\/www.gabinetestetica.com\/lojaonline\/wp-json\/wp\/v2\/product_tag?post=640"}],"curies":[{"name":"wp","href":"https:\/\/api.w.org\/{rel}","templated":true}]}}