{"id":639,"date":"2021-02-17T03:27:28","date_gmt":"2021-02-17T04:27:28","guid":{"rendered":"https:\/\/www.gabinetestetica.com\/lojaonline\/?post_type=product&#038;p=639"},"modified":"2023-12-01T17:05:57","modified_gmt":"2023-12-01T18:05:57","slug":"esfoliante-de-maos","status":"publish","type":"product","link":"https:\/\/www.gabinetestetica.com\/lojaonline\/product\/esfoliante-de-maos\/","title":{"rendered":"Esfoliante de M\u00e3os"},"content":{"rendered":"<p><img fetchpriority=\"high\" decoding=\"async\" class=\"alignnone size-medium wp-image-702\" src=\"https:\/\/i0.wp.com\/www.gabinetestetica.com\/lojaonline\/wp-content\/uploads\/2021\/02\/111.jpg?resize=198%2C300&#038;ssl=1\" alt=\"\" width=\"198\" height=\"300\" data-recalc-dims=\"1\" \/><\/p>\n","protected":false},"excerpt":{"rendered":"<p>Esfoliante de m\u00e3os com \u00e1cido hialur\u00f3nico<\/p>\n","protected":false},"featured_media":702,"comment_status":"open","ping_status":"closed","template":"","meta":[],"product_cat":[195,42,222],"product_tag":[96,95,97,94,45,51,50],"class_list":["post-639","product","type-product","status-publish","has-post-thumbnail","hentry","product_cat-alessandro","product_cat-cuidadosdemaos","product_cat-sugestoes-de-natal","product_tag-alessandro","product_tag-cuidadodemaos","product_tag-esfoliante","product_tag-maos","product_tag-acidohialuronico","product_tag-carmengabinetestetica","product_tag-gabinetestetica"],"_links":{"self":[{"href":"https:\/\/www.gabinetestetica.com\/lojaonline\/wp-json\/wp\/v2\/product\/639","targetHints":{"allow":["GET"]}}],"collection":[{"href":"https:\/\/www.gabinetestetica.com\/lojaonline\/wp-json\/wp\/v2\/product"}],"about":[{"href":"https:\/\/www.gabinetestetica.com\/lojaonline\/wp-json\/wp\/v2\/types\/product"}],"replies":[{"embeddable":true,"href":"https:\/\/www.gabinetestetica.com\/lojaonline\/wp-json\/wp\/v2\/comments?post=639"}],"wp:featuredmedia":[{"embeddable":true,"href":"https:\/\/www.gabinetestetica.com\/lojaonline\/wp-json\/wp\/v2\/media\/702"}],"wp:attachment":[{"href":"https:\/\/www.gabinetestetica.com\/lojaonline\/wp-json\/wp\/v2\/media?parent=639"}],"wp:term":[{"taxonomy":"product_cat","embeddable":true,"href":"https:\/\/www.gabinetestetica.com\/lojaonline\/wp-json\/wp\/v2\/product_cat?post=639"},{"taxonomy":"product_tag","embeddable":true,"href":"https:\/\/www.gabinetestetica.com\/lojaonline\/wp-json\/wp\/v2\/product_tag?post=639"}],"curies":[{"name":"wp","href":"https:\/\/api.w.org\/{rel}","templated":true}]}}