{"id":638,"date":"2021-02-17T03:26:03","date_gmt":"2021-02-17T04:26:03","guid":{"rendered":"https:\/\/www.gabinetestetica.com\/lojaonline\/?post_type=product&#038;p=638"},"modified":"2023-12-01T17:06:12","modified_gmt":"2023-12-01T18:06:12","slug":"creme-de-maos-2","status":"publish","type":"product","link":"https:\/\/www.gabinetestetica.com\/lojaonline\/product\/creme-de-maos-2\/","title":{"rendered":"Creme de M\u00e3os"},"content":{"rendered":"","protected":false},"excerpt":{"rendered":"<p>Creme de m\u00e3os com \u00e1cido hialur\u00f3nico 50ml<\/p>\n","protected":false},"featured_media":637,"comment_status":"open","ping_status":"closed","template":"","meta":[],"product_cat":[195,42,222],"product_tag":[96,95,94,45,51,50],"class_list":["post-638","product","type-product","status-publish","has-post-thumbnail","hentry","product_cat-alessandro","product_cat-cuidadosdemaos","product_cat-sugestoes-de-natal","product_tag-alessandro","product_tag-cuidadodemaos","product_tag-maos","product_tag-acidohialuronico","product_tag-carmengabinetestetica","product_tag-gabinetestetica"],"_links":{"self":[{"href":"https:\/\/www.gabinetestetica.com\/lojaonline\/wp-json\/wp\/v2\/product\/638","targetHints":{"allow":["GET"]}}],"collection":[{"href":"https:\/\/www.gabinetestetica.com\/lojaonline\/wp-json\/wp\/v2\/product"}],"about":[{"href":"https:\/\/www.gabinetestetica.com\/lojaonline\/wp-json\/wp\/v2\/types\/product"}],"replies":[{"embeddable":true,"href":"https:\/\/www.gabinetestetica.com\/lojaonline\/wp-json\/wp\/v2\/comments?post=638"}],"wp:featuredmedia":[{"embeddable":true,"href":"https:\/\/www.gabinetestetica.com\/lojaonline\/wp-json\/wp\/v2\/media\/637"}],"wp:attachment":[{"href":"https:\/\/www.gabinetestetica.com\/lojaonline\/wp-json\/wp\/v2\/media?parent=638"}],"wp:term":[{"taxonomy":"product_cat","embeddable":true,"href":"https:\/\/www.gabinetestetica.com\/lojaonline\/wp-json\/wp\/v2\/product_cat?post=638"},{"taxonomy":"product_tag","embeddable":true,"href":"https:\/\/www.gabinetestetica.com\/lojaonline\/wp-json\/wp\/v2\/product_tag?post=638"}],"curies":[{"name":"wp","href":"https:\/\/api.w.org\/{rel}","templated":true}]}}