{"id":547,"date":"2021-02-17T00:55:56","date_gmt":"2021-02-17T01:55:56","guid":{"rendered":"https:\/\/www.gabinetestetica.com\/lojaonline\/?post_type=product&#038;p=547"},"modified":"2025-08-04T09:15:44","modified_gmt":"2025-08-04T10:15:44","slug":"after-sun","status":"publish","type":"product","link":"https:\/\/www.gabinetestetica.com\/lojaonline\/product\/after-sun\/","title":{"rendered":"After Sun"},"content":{"rendered":"<p>After Sun 200ml<\/p>\n<p>Promove a durabilidade do bronzeado e acalma a pele ap\u00f3s exposi\u00e7\u00e3o solar<\/p>\n","protected":false},"excerpt":{"rendered":"<p>After sun e hidratante p\u00f3s exposi\u00e7ao solar<\/p>\n","protected":false},"featured_media":820,"comment_status":"open","ping_status":"closed","template":"","meta":[],"product_cat":[179,37,120,36],"product_tag":[118,121,58,49,51,50,48,59],"class_list":["post-547","product","type-product","status-publish","has-post-thumbnail","hentry","product_cat-bv","product_cat-corpoerosto","product_cat-cuidados-de-corpo","product_cat-protetorsolar","product_tag-bodycare","product_tag-cuidadosdecorpo","product_tag-aftersun","product_tag-brunovassari","product_tag-carmengabinetestetica","product_tag-gabinetestetica","product_tag-skincare","product_tag-sundefense"],"_links":{"self":[{"href":"https:\/\/www.gabinetestetica.com\/lojaonline\/wp-json\/wp\/v2\/product\/547","targetHints":{"allow":["GET"]}}],"collection":[{"href":"https:\/\/www.gabinetestetica.com\/lojaonline\/wp-json\/wp\/v2\/product"}],"about":[{"href":"https:\/\/www.gabinetestetica.com\/lojaonline\/wp-json\/wp\/v2\/types\/product"}],"replies":[{"embeddable":true,"href":"https:\/\/www.gabinetestetica.com\/lojaonline\/wp-json\/wp\/v2\/comments?post=547"}],"wp:featuredmedia":[{"embeddable":true,"href":"https:\/\/www.gabinetestetica.com\/lojaonline\/wp-json\/wp\/v2\/media\/820"}],"wp:attachment":[{"href":"https:\/\/www.gabinetestetica.com\/lojaonline\/wp-json\/wp\/v2\/media?parent=547"}],"wp:term":[{"taxonomy":"product_cat","embeddable":true,"href":"https:\/\/www.gabinetestetica.com\/lojaonline\/wp-json\/wp\/v2\/product_cat?post=547"},{"taxonomy":"product_tag","embeddable":true,"href":"https:\/\/www.gabinetestetica.com\/lojaonline\/wp-json\/wp\/v2\/product_tag?post=547"}],"curies":[{"name":"wp","href":"https:\/\/api.w.org\/{rel}","templated":true}]}}