{"id":1099,"date":"2022-03-01T13:42:46","date_gmt":"2022-03-01T14:42:46","guid":{"rendered":"https:\/\/www.gabinetestetica.com\/lojaonline\/?post_type=product&#038;p=1099"},"modified":"2023-04-14T20:57:41","modified_gmt":"2023-04-14T21:57:41","slug":"pure-c","status":"publish","type":"product","link":"https:\/\/www.gabinetestetica.com\/lojaonline\/product\/pure-c\/","title":{"rendered":"Pure C"},"content":{"rendered":"<p>Ser\u00fam de vitamina C (3x10ml)<\/p>\n","protected":false},"excerpt":{"rendered":"<p>S\u00e9rum de vitamina C pura, 3x 10ml, que deve ser usado s\u00f3 at\u00e9 10 dias ap\u00f3s a abertura.<\/p>\n","protected":false},"featured_media":1100,"comment_status":"open","ping_status":"closed","template":"","meta":[],"product_cat":[179,34],"product_tag":[174,173,177,176,49,51,46,48],"class_list":["post-1099","product","type-product","status-publish","has-post-thumbnail","hentry","product_cat-bv","product_cat-cuidadosderosto","product_tag-manchas","product_tag-melasma","product_tag-serum","product_tag-vitaminac","product_tag-brunovassari","product_tag-carmengabinetestetica","product_tag-cuidadosderosto","product_tag-skincare"],"_links":{"self":[{"href":"https:\/\/www.gabinetestetica.com\/lojaonline\/wp-json\/wp\/v2\/product\/1099","targetHints":{"allow":["GET"]}}],"collection":[{"href":"https:\/\/www.gabinetestetica.com\/lojaonline\/wp-json\/wp\/v2\/product"}],"about":[{"href":"https:\/\/www.gabinetestetica.com\/lojaonline\/wp-json\/wp\/v2\/types\/product"}],"replies":[{"embeddable":true,"href":"https:\/\/www.gabinetestetica.com\/lojaonline\/wp-json\/wp\/v2\/comments?post=1099"}],"wp:featuredmedia":[{"embeddable":true,"href":"https:\/\/www.gabinetestetica.com\/lojaonline\/wp-json\/wp\/v2\/media\/1100"}],"wp:attachment":[{"href":"https:\/\/www.gabinetestetica.com\/lojaonline\/wp-json\/wp\/v2\/media?parent=1099"}],"wp:term":[{"taxonomy":"product_cat","embeddable":true,"href":"https:\/\/www.gabinetestetica.com\/lojaonline\/wp-json\/wp\/v2\/product_cat?post=1099"},{"taxonomy":"product_tag","embeddable":true,"href":"https:\/\/www.gabinetestetica.com\/lojaonline\/wp-json\/wp\/v2\/product_tag?post=1099"}],"curies":[{"name":"wp","href":"https:\/\/api.w.org\/{rel}","templated":true}]}}