{"id":3,"date":"2020-04-29T16:42:14","date_gmt":"2020-04-29T16:42:14","guid":{"rendered":"https:\/\/www.gabinetestetica.com\/lojaonline\/?page_id=3"},"modified":"2021-02-26T01:22:14","modified_gmt":"2021-02-26T02:22:14","slug":"politica-privacidade","status":"publish","type":"page","link":"https:\/\/www.gabinetestetica.com\/lojaonline\/politica-privacidade\/","title":{"rendered":"Pol\u00edtica de privacidade e Cookies"},"content":{"rendered":"\n<p>O presente documento explicita os termos em que o Carmen Gabinete de est\u00e9tica com sede na R. Visc. Leite Perry, 9900-105 Horta recolhe, utiliza e procede ao tratamento dos dados e informa\u00e7\u00f5es os seus utilizadores por via das suas aplica\u00e7\u00f5es. As regras de recolha, utiliza\u00e7\u00e3o e tratamento de dados e informa\u00e7\u00f5es encontram-se em conformidade com a legisla\u00e7\u00e3o nacional e o Regulamento da Prote\u00e7\u00e3o de dados Pessoais 2016\/679 do Parlamento Europeu e do Conselho de 27 de Abril de 2016, aplic\u00e1veis.<\/p>\n\n\n\n<p>O Carmen Gabinete de est\u00e9tica (doravante \u201cCarmen\u201d) zela pela privacidade dos seus utilizadores bem como os dados pessoais submetidos pelos mesmos, sendo respons\u00e1vel pelo s\u00edtio h<a rel=\"noreferrer noopener\" href=\"https:\/\/www.gabinetestetica.com\/lojaonline\" target=\"_blank\" data-type=\"URL\" data-id=\"https:\/\/www.gabinetestetica.com\/lojaonline\">ttps:\/\/gabinetetestetica.com\/lojaonline (<\/a>doravante, o \u201cS\u00edtio\u201d).<\/p>\n\n\n\n<p>Solicitamos a leitura atenta e cuidada da presente Pol\u00edtica de Privacidade, para esclarecimento dos utilizadores quanto aos dados recolhidos, finalidades da recolha, tratamento dos mesmos e quanto aos seus direitos.<\/p>\n\n\n\n<p>A presente Pol\u00edtica de Privacidade aplica-se aos dados recolhidos e tratados no \u00e2mbito da intera\u00e7\u00e3o dos utilizadores com o website.<\/p>\n\n\n\n<h2 class=\"wp-block-heading\">Vias de recolha de dados <\/h2>\n\n\n\n<p>A Carmen recolhe os dados dos seus utilizadores atrav\u00e9s das seguintes plataformas:<\/p>\n\n\n\n<ul class=\"wp-block-list\"><li>Registo de utilizadores no S\u00edtio (p\u00e1gina Web);<\/li><li>Efetua\u00e7\u00e3o de compras online;<\/li><li>Contacto dos utilizadores via e-mails corporativos, nomeadamente&nbsp;<a href=\"mailto:leitor@observador.pt\">carmen@gabinetestetica.com<\/a>.<\/li><\/ul>\n\n\n\n<h2 class=\"wp-block-heading\">Dados que a Carmen recolhe dos seus utilizadores<\/h2>\n\n\n\n<p><strong>Identifica\u00e7\u00e3o e contacto<\/strong>.<\/p>\n\n\n\n<p><strong>Lista de artigos visto, adicionados \u00e1 wishlist<\/strong>.<\/p>\n\n\n\n<p><strong>Informa\u00e7\u00f5es de pagamento e financeiras<\/strong>.<\/p>\n\n\n\n<p><strong>Informa\u00e7\u00e3o an\u00f3nima:<\/strong>&nbsp;registo de atividade e navega\u00e7\u00e3o no S\u00edtio.<\/p>\n\n\n\n<h2 class=\"wp-block-heading\">Dados de Menores<\/h2>\n\n\n\n<p>A Carmen n\u00e3o recolhe intencionalmente (nem consegue distinguir) dados de menores com idade inferior a 16 anos. No entanto caso, com a informa\u00e7\u00e3o de que foram recolhidos dados de menores, a Carmen ir\u00e1 de imediato proceder \u00e0 elimina\u00e7\u00e3o dos mesmos.<\/p>\n\n\n\n<h2 class=\"wp-block-heading\">Utiliza\u00e7\u00e3o dos dados recolhidos<\/h2>\n\n\n\n<p>A Carmen utiliza os dados recolhidos para as seguintes finalidades:<\/p>\n\n\n\n<ul class=\"wp-block-list\"><li>Disponibiliza\u00e7\u00e3o dos seus servi\u00e7os ao utilizador;<\/li><li>Presta\u00e7\u00e3o de apoio ao utilizador;<\/li><li>Cumprimento de obriga\u00e7\u00f5es contratuais e legais;<\/li><li>Fornecimento de informa\u00e7\u00f5es e conte\u00fados de interesse para o utilizador;<\/li><li>Melhoraria do funcionamento do S\u00edtio, incluindo a gest\u00e3o e prioriza\u00e7\u00e3o de conte\u00fados;<\/li><\/ul>\n\n\n\n<h2 class=\"wp-block-heading\">Viola\u00e7\u00e3o de Dados<\/h2>\n\n\n\n<p>A Carmen n\u00e3o se responsabiliza pelo conte\u00fado acedido atrav\u00e9s de qualquer hiperliga\u00e7\u00e3o que leve o leitor a navegar fora do dom\u00ednio <a href=\"https:\/\/www.gabinetestetica.com\/lojaonline\">https:\/\/www.gabinetestetica.com\/lojaonline<\/a>, sempre que tais hiperliga\u00e7\u00f5es sejam da responsabilidade de terceiros.<\/p>\n\n\n\n<p>Todos os dados recolhidos s\u00e3o processados de forma autom\u00e1tica sendo que a informa\u00e7\u00e3o enviada pelos utilizadores \u00e9 encriptada e gerida com seguran\u00e7a avan\u00e7ada.<\/p>\n\n\n\n<p>A Carmen utiliza diversas medidas t\u00e9cnicas e organizativas de prote\u00e7\u00e3o tecnol\u00f3gica contra ataques \u00e0 informa\u00e7\u00e3o pessoal dos utilizadores e apenas subcontrata fornecedores de servi\u00e7os que garantam o mesmo n\u00edvel de prote\u00e7\u00e3o.<\/p>\n\n\n\n<p>A viola\u00e7\u00e3o, ou tentativa de viola\u00e7\u00e3o, de bases de dados obtidas atrav\u00e9s do S\u00edtio ter\u00e1 como consequ\u00eancia a imediata responsabiliza\u00e7\u00e3o judicial do(s) infrator(es).<\/p>\n\n\n\n<h2 class=\"wp-block-heading\">Direitos dos Titulares dos Dados<\/h2>\n\n\n\n<p>Os utilizadores podem exercer os seus direitos para os contactos do respons\u00e1vel pelo tratamento dos dados pessoais da Carmen referidos abaixo na presente\u00a0<strong>Pol\u00edtica de Privacidade e Cookies<\/strong>.<\/p>\n\n\n\n<p>Os utilizadores da Carmen det\u00eam e podem exercer os seguintes direitos no \u00e2mbito dos seus dados pessoais:<\/p>\n\n\n\n<p><strong>Direito de Informa\u00e7\u00e3o<\/strong>&nbsp;\u2013 no momento da sua recolha ou tratamento o titular dos dados pessoais tem direito a ser informado quanto \u00e0 finalidade do tratamento, o respons\u00e1vel pelo tratamento dos dados, entidades a que poder\u00e3o ser comunicados os seus dados, condi\u00e7\u00f5es de acesso e retifica\u00e7\u00e3o e quais os dados obrigat\u00f3rios e facultativos que ser\u00e3o recolhidos.<\/p>\n\n\n\n<p><strong>Direito de Acesso<\/strong>&nbsp;\u2013 o titular dos dados pessoais tem direito a aceder aos mesmos, sem restri\u00e7\u00f5es ou demoras, bem como saber quais as informa\u00e7\u00f5es dispon\u00edveis sobre a origem dos dados, finalidades de tratamento e comunica\u00e7\u00e3o dos mesmos a entidades terceiras.<\/p>\n\n\n\n<p><strong>Direito de Retifica\u00e7\u00e3o<\/strong>&nbsp;\u2013 o titular tem o direito de exigir que os dados a seu respeito sejam exatos e atuais, podendo a todo o tempo solicitar a sua retifica\u00e7\u00e3o ao respons\u00e1vel pelo tratamento de dados da Carmen.<\/p>\n\n\n\n<p><strong>Direito de Apagamento<\/strong>&nbsp;\u2013 o titular dos dados tem direito a que os seus dados deixem de ser objeto de tratamento, sejam apagados e eliminados, sob determinadas condi\u00e7\u00f5es, no caso de:<\/p>\n\n\n\n<ul class=\"wp-block-list\"><li>deixarem de ser necess\u00e1rios para a finalidade que foram recolhidos;<\/li><li>os titulares retirarem o seu consentimento ou se opuserem ao tratamento dos mesmos;<\/li><li>se o tratamento dos dados n\u00e3o cumprir as disposi\u00e7\u00f5es legais.<\/li><\/ul>\n\n\n\n<p><strong>Direito \u00e0 Limita\u00e7\u00e3o do tratamento<\/strong>&nbsp;\u2013 o titular dos dados pessoais tem direito a que os seus dados sejam limitados apenas ao essencial para a finalidade do tratamento.<\/p>\n\n\n\n<p><strong>Direito de Portabilidade dos dados (transfer\u00eancia dos dados)<\/strong>&nbsp;\u2013 o titular dos dados tem o direito de receber os seus dados ou de solicitar a transmiss\u00e3o dos mesmos para outra entidade que passe a ser o novo respons\u00e1vel pelos seus dados pessoais (apenas caso seja tecnicamente poss\u00edvel).<\/p>\n\n\n\n<p><strong>Direito de Oposi\u00e7\u00e3o<\/strong>&nbsp;\u2013 o titular dos dados tem o direito de se opor, a seu pedido e gratuitamente, ao tratamento dos seus dados pessoais para efeitos de marketing direto ou de qualquer outra forma de prospe\u00e7\u00e3o e que os seus dados pessoais sejam comunicados a terceiros, salvo disposi\u00e7\u00e3o legal em contr\u00e1rio.<\/p>\n\n\n\n<p><strong>Direito ao Conhecimento da exist\u00eancia de uma viola\u00e7\u00e3o de dados<\/strong>&nbsp;\u2013 o titular dos dados pessoais tem o direito de ser informado caso exista alguma viola\u00e7\u00e3o de seguran\u00e7a que comprometa os seus dados.<\/p>\n\n\n\n<p><strong>Direito de Reclama\u00e7\u00e3o para autoridade de controlo<\/strong>&nbsp;\u2013 o titular dos dados pessoais tem direito a reclamar n\u00e3o apenas ao respons\u00e1vel pelo tratamento de dados pessoais da empresa, como para a autoridade de controlo, a Comiss\u00e3o Nacional de Prote\u00e7\u00e3o de Dados.<\/p>\n\n\n\n<h2 class=\"wp-block-heading\">Prazo de Conserva\u00e7\u00e3o dos Dados<\/h2>\n\n\n\n<p>Os dados recolhidos s\u00e3o objeto de tratamento pelo per\u00edodo estritamente necess\u00e1rio \u00e0 realiza\u00e7\u00e3o da finalidade espec\u00edfica de cada um.<\/p>\n\n\n\n<p>Os dados de identifica\u00e7\u00e3o de utilizadores registados e lista de artigos de leitura guardados s\u00e3o conservados enquanto se mantiver a sua rela\u00e7\u00e3o com o leitor. Pelo que se manter\u00e3o at\u00e9 ao leitor proceder \u00e0 elimina\u00e7\u00e3o do seu registo na Carmen ou solicitar a sua elimina\u00e7\u00e3o\/cancelamento da sua subscri\u00e7\u00e3o.<\/p>\n\n\n\n<p>Para efeitos de transa\u00e7\u00f5es comerciais e cumprimento de obriga\u00e7\u00f5es legais de fatura\u00e7\u00e3o, os dados ser\u00e3o conservados pelo per\u00edodo legalmente previsto para o cumprimento das obriga\u00e7\u00f5es legais, bem como para contesta\u00e7\u00e3o de situa\u00e7\u00f5es jur\u00eddicas e durante o per\u00edodo que estas se mantiverem.<\/p>\n\n\n\n<h2 class=\"wp-block-heading\">Respons\u00e1vel pelo Tratamento dos Dados Pessoais<\/h2>\n\n\n\n<p>Quaisquer aspetos relacionados com o tratamento de dados pessoais e o exerc\u00edcio dos direitos dos titulares dos dados pessoais dever\u00e3o ser direcionados para os seguintes contactos:<\/p>\n\n\n\n<p>Por e-mail para o endere\u00e7o:&nbsp;<a href=\"mailto:privacidade@observador.pt\">carmen@gabinetestetica.com<\/a><\/p>\n\n\n\n<h2 class=\"wp-block-heading\">Considera\u00e7\u00f5es Finais<\/h2>\n\n\n\n<p>A Carmen n\u00e3o \u00e9 respons\u00e1vel pelo conte\u00fado dos coment\u00e1rios dos utilizadores, pelo que quaisquer dados pessoais que sejam divulgados por algum leitor neste contexto ser\u00e3o prontamente eliminados no momento em que a Carmen for notificado da divulga\u00e7\u00e3o de tais dados.<\/p>\n\n\n\n<p>A Carmen reserva-se o direito de alterar a sua Pol\u00edtica de Privacidade, Pol\u00edtica de Cookies e Termos e Condi\u00e7\u00f5es descritas nesta p\u00e1gina, pelo que aconselhamos a visita frequente a este endere\u00e7o. Consideramos que os utilizadores est\u00e3o conscientes destas pol\u00edticas ao navegar em https:\/\/www.gabinetestetica.com\/lojaonline.<\/p>\n\n\n\n<p>Data da \u00faltima revis\u00e3o: 26\/02\/2021<\/p>\n\n\n\n<h1 class=\"wp-block-heading\">Pol\u00edtica de Cookies<\/h1>\n\n\n\n<p>O presente documento explicita os termos em que o Carmen Gabinete de est\u00e9tica com sede na R. Visc. Leite Perry, 9900-105 Horta utiliza cookies que permitem melhorar o desempenho e a experi\u00eancia de navega\u00e7\u00e3o do utilizador. Qualquer navegador de internet (browser) permite ao utilizador aceitar, recusar ou apagar cookies, atrav\u00e9s das defini\u00e7\u00f5es do pr\u00f3prio navegador. Se optar por desativar os cookies, alguns servi\u00e7os do nosso site, a saber, <a href=\"https:\/\/www.gabinetestetica.com\/lojaonline\">https:\/\/www.gabinetestetica.com\/lojaonline<\/a>, ir\u00e3o deixar de funcionar, afetando assim a sua experi\u00eancia de navega\u00e7\u00e3o nos sites.<\/p>\n\n\n\n<h2 class=\"wp-block-heading\">O que s\u00e3o cookies?<\/h2>\n\n\n\n<p>Os cookies s\u00e3o curtos ficheiros de texto com informa\u00e7\u00f5es relevantes que o seu browser processa, quando um site \u00e9 visitado por um utilizador.<\/p>\n\n\n\n<p>A coloca\u00e7\u00e3o de cookies ajuda o S\u00edtio&nbsp;a reconhecer o dispositivo (tablet, desktop, mobile, etc) do utilizador sempre que nos visita. Os cookies ret\u00eam apenas informa\u00e7\u00e3o relacionada com as suas prefer\u00eancias, n\u00e3o revelando dados pessoais.<\/p>\n\n\n\n<p>Para que a sua experi\u00eancia de navega\u00e7\u00e3o seja otimizada o mais poss\u00edvel, recomendamos que n\u00e3o desative os cookies. Os mesmos aumentam a rapidez de resposta na navega\u00e7\u00e3o.<\/p>\n\n\n\n<h2 class=\"wp-block-heading\">Tipos de cookies<\/h2>\n\n\n\n<p>Existem v\u00e1rios tipos de cookies com carater\u00edsticas e fun\u00e7\u00f5es diferentes. S\u00e3o eles:<\/p>\n\n\n\n<p><strong>Cookies essenciais<\/strong>&nbsp;\u2013 S\u00e3o bastante importantes para aceder a \u00e1reas espec\u00edficas do site permitindo uma navega\u00e7\u00e3o correta.<\/p>\n\n\n\n<p><strong>Cookies de funcionalidade<\/strong>&nbsp;\u2013 Os cookies de funcionalidade permitem que as prefer\u00eancias do utilizador sejam guardadas quando visita os sites. Desta forma, n\u00e3o \u00e9 necess\u00e1rio personalizar o S\u00edtio sempre que o visita.<\/p>\n\n\n\n<p><strong>Cookies anal\u00edticos<\/strong>&nbsp;\u2013 Este tipo de cookies permite analisar a forma como os utilizadores utilizam o S\u00edtio, conhecer as p\u00e1ginas mais populares e monitorizar o desempenho do site, possibilitando perceber poss\u00edveis mensagens de erro no site. Nunca ser\u00e3o reveladas informa\u00e7\u00f5es de cariz pessoal.<\/p>\n\n\n\n<p>No S\u00edtio podem encontrar-se cookies de terceiros, de empresas que utilizam o nosso S\u00edtio para fins de an\u00e1lise, cujo envio a Carmen n\u00e3o det\u00e9m qualquer controlo.<\/p>\n","protected":false},"excerpt":{"rendered":"<p>O presente documento explicita os termos em que o Carmen Gabinete de est\u00e9tica com sede na R. Visc. Leite Perry, 9900-105 Horta recolhe, utiliza e procede ao tratamento dos dados e informa\u00e7\u00f5es os seus utilizadores por via das suas aplica\u00e7\u00f5es. As regras de recolha, utiliza\u00e7\u00e3o e tratamento de dados e informa\u00e7\u00f5es encontram-se em conformidade com [&hellip;]<\/p>\n","protected":false},"author":1,"featured_media":0,"parent":0,"menu_order":0,"comment_status":"closed","ping_status":"open","template":"","meta":{"footnotes":""},"class_list":["post-3","page","type-page","status-publish","hentry"],"_links":{"self":[{"href":"https:\/\/www.gabinetestetica.com\/lojaonline\/wp-json\/wp\/v2\/pages\/3","targetHints":{"allow":["GET"]}}],"collection":[{"href":"https:\/\/www.gabinetestetica.com\/lojaonline\/wp-json\/wp\/v2\/pages"}],"about":[{"href":"https:\/\/www.gabinetestetica.com\/lojaonline\/wp-json\/wp\/v2\/types\/page"}],"author":[{"embeddable":true,"href":"https:\/\/www.gabinetestetica.com\/lojaonline\/wp-json\/wp\/v2\/users\/1"}],"replies":[{"embeddable":true,"href":"https:\/\/www.gabinetestetica.com\/lojaonline\/wp-json\/wp\/v2\/comments?post=3"}],"version-history":[{"count":4,"href":"https:\/\/www.gabinetestetica.com\/lojaonline\/wp-json\/wp\/v2\/pages\/3\/revisions"}],"predecessor-version":[{"id":699,"href":"https:\/\/www.gabinetestetica.com\/lojaonline\/wp-json\/wp\/v2\/pages\/3\/revisions\/699"}],"wp:attachment":[{"href":"https:\/\/www.gabinetestetica.com\/lojaonline\/wp-json\/wp\/v2\/media?parent=3"}],"curies":[{"name":"wp","href":"https:\/\/api.w.org\/{rel}","templated":true}]}}