{"id":211,"date":"2018-11-30T06:18:53","date_gmt":"2018-11-30T06:18:53","guid":{"rendered":"http:\/\/demo.accesspressthemes.com\/store-mart-lite\/?page_id=211"},"modified":"2021-02-26T01:00:40","modified_gmt":"2021-02-26T02:00:40","slug":"contact-us","status":"publish","type":"page","link":"https:\/\/www.gabinetestetica.com\/lojaonline\/contact-us\/","title":{"rendered":""},"content":{"rendered":"\n<h1 class=\"wp-block-heading\">Descubra a melhor forma de nos contactar<\/h1>\n\n\n\n<div class=\"wp-block-group\"><div class=\"wp-block-group__inner-container is-layout-flow wp-block-group-is-layout-flow\">\n<h1 class=\"has-text-color wp-block-heading\" style=\"color:#96588a;font-size:12px\"><span class=\"has-inline-color has-black-color\">H\u00e1 16 anos no mercado na \u00e1rea da presta\u00e7\u00e3o de servi\u00e7os de est\u00e9tica e venda de cosm\u00e9ticos. Ao nos visitar pode usufruir de v\u00e1rios tipos de depila\u00e7\u00e3o, pedicure cient\u00edfica, manicure tradicional, maquilhagem, tratamentos de parafina, corpo e rosto. Comercializamos produtos de alta cosm\u00e9tica de v\u00e1rias marcas conceituadas.<\/span><\/h1>\n\n\n\n<div class=\"wp-block-webfactory-map\"><div class=\"wp-block-webfactory-map\"><iframe width=\"100%\" height=\"339px\" src=\"https:\/\/www.google.com\/maps\/embed\/v1\/place?q=%20R.%20Visc.%20Leite%20Perry%2C%209900-105%20Horta&amp;maptype=roadmap&amp;zoom=18&amp;key=AIzaSyAjyDspiPfzEfjRSS5fQzm-3jHFjHxeXB4\" frameborder=\"0\"><\/iframe><\/div><\/div>\n<\/div><\/div>\n\n\n\n<p><a href=\"https:\/\/www.google.com\/search?sxsrf=ALeKk03hsXvKm98X-ugnQDIpv2OmYOoRjw:1614304246839&amp;q=carmen+gabinete+de+est%C3%A9tica+endere%C3%A7o&amp;stick=H4sIAAAAAAAAAOPgE-LVT9c3NMwysKwst0gu15LNTrbSz8lPTizJzM-DM6wSU1KKUouLF7GqJScW5abmKaQnJmXmpZakKqSkKqQWlxxeWZKZnKiQmpeSWpR6eHk-APvTsr5ZAAAA&amp;ludocid=10420890237370684652&amp;sa=X&amp;ved=2ahUKEwiWncT5t4bvAhVVDmMBHWXsC9MQ6BMwGXoECCoQAg\">Endere\u00e7o<\/a>:\u00a0R. Visc. Leite Perry, 9900-105 Horta<\/p>\n\n\n\n<p><a href=\"https:\/\/www.google.com\/search?sxsrf=ALeKk03hsXvKm98X-ugnQDIpv2OmYOoRjw:1614304246839&amp;q=carmen+gabinete+de+est%C3%A9tica+hor%C3%A1rio&amp;ludocid=10420890237370684652&amp;sa=X&amp;ved=2ahUKEwiWncT5t4bvAhVVDmMBHWXsC9MQ6BMwG3oECCgQAg\">Hor\u00e1rio<\/a>:\u00a0<\/p>\n\n\n\n<figure class=\"wp-block-table is-style-stripes\"><table><tbody><tr><td>sexta-feira<\/td><td>10:00\u201319:00<\/td><\/tr><tr><td>s\u00e1bado<\/td><td>09:00\u201318:00<\/td><\/tr><tr><td>domingo<\/td><td>Encerrado<\/td><\/tr><tr><td>segunda-feira<\/td><td>Encerrado<\/td><\/tr><tr><td>ter\u00e7a-feira<\/td><td>10:00\u201319:00<\/td><\/tr><tr><td>quarta-feira<\/td><td>10:00\u201319:00<\/td><\/tr><tr><td>quinta-feira<\/td><td>10:00\u201319:00<\/td><\/tr><\/tbody><\/table><\/figure>\n\n\n\n<p><a href=\"https:\/\/www.google.com\/search?sxsrf=ALeKk03hsXvKm98X-ugnQDIpv2OmYOoRjw:1614304246839&amp;q=carmen+gabinete+de+est%C3%A9tica+telefone&amp;ludocid=10420890237370684652&amp;sa=X&amp;ved=2ahUKEwiWncT5t4bvAhVVDmMBHWXsC9MQ6BMwHHoECBwQAg\">Telefone<\/a>:\u00a0 <a href=\"https:\/\/www.google.com\/search?q=carmen+gabinte+de+est%C3%A9tica&amp;oq=carmen+gabinte+de+est%C3%A9tica&amp;aqs=chrome..69i57j33i10i22i29i30l2.7341j0j7&amp;sourceid=chrome&amp;ie=UTF-8#\">961 604 554<\/a><\/p>\n\n\n\n<p><\/p>\n\n\n\n<div class=\"wp-block-group is-layout-flow wp-block-group-is-layout-flow\"><div class=\"wp-block-group__inner-container\"><\/div><\/div>\n\n\n\n<div class=\"wp-block-columns alignfull are-vertically-aligned-top is-layout-flex wp-container-core-columns-is-layout-1 wp-block-columns-is-layout-flex\">\n<div class=\"wp-block-column is-vertically-aligned-top is-layout-flow wp-block-column-is-layout-flow\" style=\"flex-basis:100%\">\n<ul class=\"wp-block-social-links aligncenter is-style-default is-layout-flex wp-block-social-links-is-layout-flex\"><li class=\"wp-social-link wp-social-link-facebook  wp-block-social-link\"><a rel=\"noopener nofollow\" target=\"_blank\" href=\"https:\/\/www.facebook.com\/gabinetestetica\" class=\"wp-block-social-link-anchor\"><svg width=\"24\" height=\"24\" viewBox=\"0 0 24 24\" version=\"1.1\" xmlns=\"http:\/\/www.w3.org\/2000\/svg\" aria-hidden=\"true\" focusable=\"false\"><path d=\"M12 2C6.5 2 2 6.5 2 12c0 5 3.7 9.1 8.4 9.9v-7H7.9V12h2.5V9.8c0-2.5 1.5-3.9 3.8-3.9 1.1 0 2.2.2 2.2.2v2.5h-1.3c-1.2 0-1.6.8-1.6 1.6V12h2.8l-.4 2.9h-2.3v7C18.3 21.1 22 17 22 12c0-5.5-4.5-10-10-10z\"><\/path><\/svg><span class=\"wp-block-social-link-label screen-reader-text\">Facebook<\/span><\/a><\/li>\n\n\n\n\n\n<li class=\"wp-social-link wp-social-link-mail  wp-block-social-link\"><a rel=\"noopener nofollow\" target=\"_blank\" href=\"mailto:c&#097;rm&#101;&#110;&#064;g&#097;&#098;i&#110;&#101;&#116;&#101;&#115;tetica.co&#109;\" class=\"wp-block-social-link-anchor\"><svg width=\"24\" height=\"24\" viewBox=\"0 0 24 24\" version=\"1.1\" xmlns=\"http:\/\/www.w3.org\/2000\/svg\" aria-hidden=\"true\" focusable=\"false\"><path d=\"M19,5H5c-1.1,0-2,.9-2,2v10c0,1.1.9,2,2,2h14c1.1,0,2-.9,2-2V7c0-1.1-.9-2-2-2zm.5,12c0,.3-.2.5-.5.5H5c-.3,0-.5-.2-.5-.5V9.8l7.5,5.6,7.5-5.6V17zm0-9.1L12,13.6,4.5,7.9V7c0-.3.2-.5.5-.5h14c.3,0,.5.2.5.5v.9z\"><\/path><\/svg><span class=\"wp-block-social-link-label screen-reader-text\">Mail<\/span><\/a><\/li><\/ul>\n\n\n\n<p><\/p>\n<\/div>\n<\/div>\n","protected":false},"excerpt":{"rendered":"<p>Descubra a melhor forma de nos contactar H\u00e1 16 anos no mercado na \u00e1rea da presta\u00e7\u00e3o de servi\u00e7os de est\u00e9tica e venda de cosm\u00e9ticos. Ao nos visitar pode usufruir de v\u00e1rios tipos de depila\u00e7\u00e3o, pedicure cient\u00edfica, manicure tradicional, maquilhagem, tratamentos de parafina, corpo e rosto. Comercializamos produtos de alta cosm\u00e9tica de v\u00e1rias marcas conceituadas. Endere\u00e7o:\u00a0R. [&hellip;]<\/p>\n","protected":false},"author":1,"featured_media":0,"parent":0,"menu_order":0,"comment_status":"closed","ping_status":"closed","template":"","meta":{"footnotes":""},"class_list":["post-211","page","type-page","status-publish","hentry"],"_links":{"self":[{"href":"https:\/\/www.gabinetestetica.com\/lojaonline\/wp-json\/wp\/v2\/pages\/211","targetHints":{"allow":["GET"]}}],"collection":[{"href":"https:\/\/www.gabinetestetica.com\/lojaonline\/wp-json\/wp\/v2\/pages"}],"about":[{"href":"https:\/\/www.gabinetestetica.com\/lojaonline\/wp-json\/wp\/v2\/types\/page"}],"author":[{"embeddable":true,"href":"https:\/\/www.gabinetestetica.com\/lojaonline\/wp-json\/wp\/v2\/users\/1"}],"replies":[{"embeddable":true,"href":"https:\/\/www.gabinetestetica.com\/lojaonline\/wp-json\/wp\/v2\/comments?post=211"}],"version-history":[{"count":3,"href":"https:\/\/www.gabinetestetica.com\/lojaonline\/wp-json\/wp\/v2\/pages\/211\/revisions"}],"predecessor-version":[{"id":695,"href":"https:\/\/www.gabinetestetica.com\/lojaonline\/wp-json\/wp\/v2\/pages\/211\/revisions\/695"}],"wp:attachment":[{"href":"https:\/\/www.gabinetestetica.com\/lojaonline\/wp-json\/wp\/v2\/media?parent=211"}],"curies":[{"name":"wp","href":"https:\/\/api.w.org\/{rel}","templated":true}]}}